{"id":6957,"date":"2023-10-25T20:44:52","date_gmt":"2023-10-25T18:44:52","guid":{"rendered":"https:\/\/przychodniemedyk.pl\/?page_id=6957"},"modified":"2023-11-04T16:14:26","modified_gmt":"2023-11-04T15:14:26","slug":"deklaracja-dostepnosci","status":"publish","type":"page","link":"https:\/\/przychodniemedyk.pl\/en\/deklaracja-dostepnosci\/","title":{"rendered":"Deklaracja dost\u0119pno\u015bci"},"content":{"rendered":"<h1>Deklaracja dost\u0119pno\u015bci<\/h1>\n<p>Firma NZPOZ &#8222;Medyk&#8221; S.C., z siedzib\u0105 przy ul. D\u0142uga 14a, 72-405 \u015awierzno, zobowi\u0105zuje si\u0119 do zapewnienia dost\u0119pno\u015bci swojej strony internetowej zgodnie z przepisami ustawy z dnia 4 kwietnia 2019 r. o dost\u0119pno\u015bci cyfrowej stron internetowych i aplikacji mobilnych podmiot\u00f3w publicznych (Dz.U. z 2019 r. poz. 848, z p\u00f3\u017aniejszymi zmianami).<\/p>\n<h2>O\u015bwiadczenie w sprawie dost\u0119pno\u015bci dotyczy strony internetowej:<\/h2>\n<p><a href=\"https:\/\/przychodniemedyk.pl\/en\/\">https:\/\/przychodniemedyk.pl\/<\/a><\/p>\n<h3>Data publikacji i aktualizacji strony internetowej<\/h3>\n<p>Data publikacji strony internetowej: 18.09.2023<\/p>\n<p>Data ostatniej istotnej aktualizacji strony internetowej: 19.09.2023<\/p>\n<h4>Status pod wzgl\u0119dem zgodno\u015bci<\/h4>\n<p>Strona internetowa jest cz\u0119\u015bciowo zgodna z ustaw\u0105 z dnia 4 kwietnia 2019 r. o dost\u0119pno\u015bci cyfrowej stron internetowych i aplikacji mobilnych podmiot\u00f3w publicznych. Istniej\u0105 jednak pewne niezgodno\u015bci i wy\u0142\u0105czenia, kt\u00f3re zosta\u0142y opisane poni\u017cej.<\/p>\n<h4>Tre\u015bci niedost\u0119pne<\/h4>\n<p>Poni\u017csze tre\u015bci s\u0105 niedost\u0119pne z powodu:<\/p>\n<ul>\n<li>Brak tekstu alternatywnego dla widgetu \u0142\u0105cz\u0105cego z profilem Przychodni Medyk na Facebooku.<\/li>\n<li>Brak t\u0142umaczenia w Polskim J\u0119zyku Migowym.<\/li>\n<li>Brak informacji w j\u0119zyku migowym lub angielskim.<\/li>\n<\/ul>\n<h4>Informacja dla os\u00f3b nies\u0142ysz\u0105cych lub s\u0142abo s\u0142ysz\u0105cych<\/h4>\n<p>W jednostkach organizacyjnych Przychodni Medyk brak p\u0119tli indukcyjnych, t\u0142umacza j\u0119zyka migowego oraz us\u0142ugi t\u0142umacza online. Aby skorzysta\u0107 z t\u0142umacza j\u0119zyka migowego, nale\u017cy zg\u0142osi\u0107 tak\u0105 potrzeb\u0119 co najmniej 3 dni przed wizyt\u0105.<\/p>\n<p>Wniosek o korzystanie z t\u0142umacza j\u0119zyka migowego mo\u017cna z\u0142o\u017cy\u0107 w Sekretariacie NZPOZ &#8222;Medyk&#8221; S.C. lub wys\u0142a\u0107 na adres e-mail: <a href=\"mailto:kontakt@przychodniemedyk.pl\">kontakt@przychodniemedyk.pl<\/a>.<\/p>\n<p>Wniosek powinien zawiera\u0107 opis sprawy i wybran\u0105 metod\u0119 komunikacji, takie jak Polski J\u0119zyk Migowy (PJM), System J\u0119zykowo-Migowy (SJM) lub inne metody komunikacji dla os\u00f3b g\u0142uchoniewidomych (SKOGN).<\/p>\n<h4>Wst\u0119p z psem asystuj\u0105cym<\/h4>\n<p>Informujemy, \u017ce psy asystuj\u0105ce i przewodniki s\u0105 mile widziane w budynkach Przychodni Medyk.<\/p>\n<h3>Przygotowanie Deklaracji w sprawie dost\u0119pno\u015bci<\/h3>\n<p>Niniejsz\u0105 Deklaracj\u0119 sporz\u0105dzono dnia: 19.09.2023 r. na podstawie samooceny przeprowadzonej przez podmiot publiczny.<\/p>\n<h3>Skr\u00f3ty klawiaturowe<\/h3>\n<p>Strona internetowa umo\u017cliwia korzystanie z standardowych skr\u00f3t\u00f3w klawiaturowych przegl\u0105darki.<\/p>\n<h3>Informacje zwrotne i dane kontaktowe<\/h3>\n<p>W przypadku problem\u00f3w z dost\u0119pno\u015bci\u0105 strony internetowej zach\u0119camy do kontaktu poprzez e-mail: <a href=\"mailto:kontakt@przychodniemedyk.pl\">kontakt@przychodniemedyk.pl<\/a>. Mo\u017cesz r\u00f3wnie\u017c sk\u0142ada\u0107 wnioski o udost\u0119pnienie niedost\u0119pnych informacji lub zg\u0142asza\u0107 skargi zwi\u0105zane z dost\u0119pno\u015bci\u0105.<\/p>\n<h3>Post\u0119powanie odwo\u0142awcze<\/h3>\n<p>Je\u015bli potrzebujesz wsparcia w zapewnieniu dost\u0119pno\u015bci strony internetowej lub jej element\u00f3w, masz prawo z\u0142o\u017cy\u0107 wniosek o udost\u0119pnienie informacji w dost\u0119pnej formie. Mo\u017cesz tak\u017ce za\u017c\u0105da\u0107 alternatywnego sposobu dost\u0119pu do informacji, np. przez opisanie tre\u015bci filmu bez audiodeskrypcji. Wniosek powinien zawiera\u0107 Twoje dane, nazw\u0119 strony internetowej i spos\u00f3b kontaktu.<\/p>\n<p>Podmiot publiczny zobowi\u0105zuje si\u0119 do rozpatrzenia \u017c\u0105dania niezw\u0142ocznie, nie p\u00f3\u017aniej ni\u017c w ci\u0105gu 7 dni od jego z\u0142o\u017cenia. Je\u015bli nie jest to mo\u017cliwe, b\u0119dziesz informowany\/a o planowanym terminie realizacji, kt\u00f3ry nie mo\u017ce przekroczy\u0107 2 miesi\u0119cy od daty zg\u0142oszenia. Je\u015bli dost\u0119pno\u015b\u0107 cyfrowa jest niemo\u017cliwa, podmiot publiczny mo\u017ce zaproponowa\u0107 alternatywny spos\u00f3b dost\u0119pu do informacji.<\/p>\n<p>W przypadku odmowy realizacji \u017c\u0105dania, masz prawo sk\u0142ada\u0107 skarg\u0119 zwi\u0105zane z dost\u0119pno\u015bci\u0105 cyfrow\u0105 strony internetowej lub jej element\u00f3w. Skarg\u0119 mo\u017cna przes\u0142a\u0107 do Rzecznika Praw Obywatelskich.<\/p>\n<p>Strona internetowa Rzecznika Praw Obywatelskich: <a href=\"https:\/\/www.rpo.gov.pl\">https:\/\/www.rpo.gov.pl<\/a><\/p>","protected":false},"excerpt":{"rendered":"<p>Deklaracja dost\u0119pno\u015bci Firma NZPOZ &#8222;Medyk&#8221; S.C., z siedzib\u0105 przy ul. D\u0142uga 14a, 72-405 \u015awierzno, zobowi\u0105zuje&hellip; <a class=\"continue\" href=\"https:\/\/przychodniemedyk.pl\/en\/deklaracja-dostepnosci\/\">Kontynuuj czytanie<span> Deklaracja dost\u0119pno\u015bci<\/span><\/a><\/p>","protected":false},"author":1,"featured_media":0,"parent":0,"menu_order":0,"comment_status":"closed","ping_status":"closed","template":"","meta":{"footnotes":""},"class_list":["post-6957","page","type-page","status-publish","hentry"],"yoast_head":"<!-- This site is optimized with the Yoast SEO plugin v21.2 - https:\/\/yoast.com\/wordpress\/plugins\/seo\/ -->\n<title>Deklaracja dost\u0119pno\u015bci - Medyk Przychodnie<\/title>\n<meta name=\"robots\" content=\"index, follow, max-snippet:-1, max-image-preview:large, max-video-preview:-1\" \/>\n<link rel=\"canonical\" href=\"https:\/\/przychodniemedyk.pl\/en\/deklaracja-dostepnosci\/\" \/>\n<meta property=\"og:locale\" content=\"en_US\" \/>\n<meta property=\"og:type\" content=\"article\" \/>\n<meta property=\"og:title\" content=\"Deklaracja dost\u0119pno\u015bci - Medyk Przychodnie\" \/>\n<meta property=\"og:description\" content=\"Deklaracja dost\u0119pno\u015bci Firma NZPOZ &#8222;Medyk&#8221; S.C., z siedzib\u0105 przy ul. D\u0142uga 14a, 72-405 \u015awierzno, zobowi\u0105zuje&hellip; Kontynuuj czytanie Deklaracja dost\u0119pno\u015bci\" \/>\n<meta property=\"og:url\" content=\"https:\/\/przychodniemedyk.pl\/en\/deklaracja-dostepnosci\/\" \/>\n<meta property=\"og:site_name\" content=\"Medyk Przychodnie\" \/>\n<meta property=\"article:publisher\" content=\"https:\/\/www.facebook.com\/przychodniemedyk\/\" \/>\n<meta property=\"article:modified_time\" content=\"2023-11-04T15:14:26+00:00\" \/>\n<meta name=\"twitter:card\" content=\"summary_large_image\" \/>\n<meta name=\"twitter:label1\" content=\"Est. reading time\" \/>\n\t<meta name=\"twitter:data1\" content=\"4 minutes\" \/>\n<script type=\"application\/ld+json\" class=\"yoast-schema-graph\">{\"@context\":\"https:\/\/schema.org\",\"@graph\":[{\"@type\":\"WebPage\",\"@id\":\"https:\/\/przychodniemedyk.pl\/deklaracja-dostepnosci\/\",\"url\":\"https:\/\/przychodniemedyk.pl\/deklaracja-dostepnosci\/\",\"name\":\"Deklaracja dost\u0119pno\u015bci - Medyk Przychodnie\",\"isPartOf\":{\"@id\":\"https:\/\/przychodniemedyk.pl\/#website\"},\"datePublished\":\"2023-10-25T18:44:52+00:00\",\"dateModified\":\"2023-11-04T15:14:26+00:00\",\"breadcrumb\":{\"@id\":\"https:\/\/przychodniemedyk.pl\/deklaracja-dostepnosci\/#breadcrumb\"},\"inLanguage\":\"en-US\",\"potentialAction\":[{\"@type\":\"ReadAction\",\"target\":[\"https:\/\/przychodniemedyk.pl\/deklaracja-dostepnosci\/\"]}]},{\"@type\":\"BreadcrumbList\",\"@id\":\"https:\/\/przychodniemedyk.pl\/deklaracja-dostepnosci\/#breadcrumb\",\"itemListElement\":[{\"@type\":\"ListItem\",\"position\":1,\"name\":\"Home\",\"item\":\"https:\/\/przychodniemedyk.pl\/\"},{\"@type\":\"ListItem\",\"position\":2,\"name\":\"Deklaracja dost\u0119pno\u015bci\"}]},{\"@type\":\"WebSite\",\"@id\":\"https:\/\/przychodniemedyk.pl\/#website\",\"url\":\"https:\/\/przychodniemedyk.pl\/\",\"name\":\"Przychodnie Medyk\",\"description\":\"Kontroluj swoje zdrowie...\",\"publisher\":{\"@id\":\"https:\/\/przychodniemedyk.pl\/#organization\"},\"potentialAction\":[{\"@type\":\"SearchAction\",\"target\":{\"@type\":\"EntryPoint\",\"urlTemplate\":\"https:\/\/przychodniemedyk.pl\/?s={search_term_string}\"},\"query-input\":\"required name=search_term_string\"}],\"inLanguage\":\"en-US\"},{\"@type\":\"Organization\",\"@id\":\"https:\/\/przychodniemedyk.pl\/#organization\",\"name\":\"NZPOZ Medyk S.C.\",\"url\":\"https:\/\/przychodniemedyk.pl\/\",\"logo\":{\"@type\":\"ImageObject\",\"inLanguage\":\"en-US\",\"@id\":\"https:\/\/przychodniemedyk.pl\/#\/schema\/logo\/image\/\",\"url\":\"https:\/\/przychodniemedyk.pl\/wp-content\/uploads\/2023\/03\/prof.png\",\"contentUrl\":\"https:\/\/przychodniemedyk.pl\/wp-content\/uploads\/2023\/03\/prof.png\",\"width\":1300,\"height\":1300,\"caption\":\"NZPOZ Medyk S.C.\"},\"image\":{\"@id\":\"https:\/\/przychodniemedyk.pl\/#\/schema\/logo\/image\/\"},\"sameAs\":[\"https:\/\/www.facebook.com\/przychodniemedyk\/\",\"https:\/\/www.instagram.com\/przychodnie_medyk\/\"]}]}<\/script>\n<!-- \/ Yoast SEO plugin. -->","yoast_head_json":{"title":"Deklaracja dost\u0119pno\u015bci - Medyk Przychodnie","robots":{"index":"index","follow":"follow","max-snippet":"max-snippet:-1","max-image-preview":"max-image-preview:large","max-video-preview":"max-video-preview:-1"},"canonical":"https:\/\/przychodniemedyk.pl\/en\/deklaracja-dostepnosci\/","og_locale":"en_US","og_type":"article","og_title":"Deklaracja dost\u0119pno\u015bci - Medyk Przychodnie","og_description":"Deklaracja dost\u0119pno\u015bci Firma NZPOZ &#8222;Medyk&#8221; S.C., z siedzib\u0105 przy ul. D\u0142uga 14a, 72-405 \u015awierzno, zobowi\u0105zuje&hellip; Kontynuuj czytanie Deklaracja dost\u0119pno\u015bci","og_url":"https:\/\/przychodniemedyk.pl\/en\/deklaracja-dostepnosci\/","og_site_name":"Medyk Przychodnie","article_publisher":"https:\/\/www.facebook.com\/przychodniemedyk\/","article_modified_time":"2023-11-04T15:14:26+00:00","twitter_card":"summary_large_image","twitter_misc":{"Est. reading time":"4 minutes"},"schema":{"@context":"https:\/\/schema.org","@graph":[{"@type":"WebPage","@id":"https:\/\/przychodniemedyk.pl\/deklaracja-dostepnosci\/","url":"https:\/\/przychodniemedyk.pl\/deklaracja-dostepnosci\/","name":"Deklaracja dost\u0119pno\u015bci - Medyk Przychodnie","isPartOf":{"@id":"https:\/\/przychodniemedyk.pl\/#website"},"datePublished":"2023-10-25T18:44:52+00:00","dateModified":"2023-11-04T15:14:26+00:00","breadcrumb":{"@id":"https:\/\/przychodniemedyk.pl\/deklaracja-dostepnosci\/#breadcrumb"},"inLanguage":"en-US","potentialAction":[{"@type":"ReadAction","target":["https:\/\/przychodniemedyk.pl\/deklaracja-dostepnosci\/"]}]},{"@type":"BreadcrumbList","@id":"https:\/\/przychodniemedyk.pl\/deklaracja-dostepnosci\/#breadcrumb","itemListElement":[{"@type":"ListItem","position":1,"name":"Home","item":"https:\/\/przychodniemedyk.pl\/"},{"@type":"ListItem","position":2,"name":"Deklaracja dost\u0119pno\u015bci"}]},{"@type":"WebSite","@id":"https:\/\/przychodniemedyk.pl\/#website","url":"https:\/\/przychodniemedyk.pl\/","name":"Przychodnie Medyk","description":"Kontroluj swoje zdrowie...","publisher":{"@id":"https:\/\/przychodniemedyk.pl\/#organization"},"potentialAction":[{"@type":"SearchAction","target":{"@type":"EntryPoint","urlTemplate":"https:\/\/przychodniemedyk.pl\/?s={search_term_string}"},"query-input":"required name=search_term_string"}],"inLanguage":"en-US"},{"@type":"Organization","@id":"https:\/\/przychodniemedyk.pl\/#organization","name":"NZPOZ Medyk S.C.","url":"https:\/\/przychodniemedyk.pl\/","logo":{"@type":"ImageObject","inLanguage":"en-US","@id":"https:\/\/przychodniemedyk.pl\/#\/schema\/logo\/image\/","url":"https:\/\/przychodniemedyk.pl\/wp-content\/uploads\/2023\/03\/prof.png","contentUrl":"https:\/\/przychodniemedyk.pl\/wp-content\/uploads\/2023\/03\/prof.png","width":1300,"height":1300,"caption":"NZPOZ Medyk S.C."},"image":{"@id":"https:\/\/przychodniemedyk.pl\/#\/schema\/logo\/image\/"},"sameAs":["https:\/\/www.facebook.com\/przychodniemedyk\/","https:\/\/www.instagram.com\/przychodnie_medyk\/"]}]}},"_links":{"self":[{"href":"https:\/\/przychodniemedyk.pl\/en\/wp-json\/wp\/v2\/pages\/6957","targetHints":{"allow":["GET"]}}],"collection":[{"href":"https:\/\/przychodniemedyk.pl\/en\/wp-json\/wp\/v2\/pages"}],"about":[{"href":"https:\/\/przychodniemedyk.pl\/en\/wp-json\/wp\/v2\/types\/page"}],"author":[{"embeddable":true,"href":"https:\/\/przychodniemedyk.pl\/en\/wp-json\/wp\/v2\/users\/1"}],"replies":[{"embeddable":true,"href":"https:\/\/przychodniemedyk.pl\/en\/wp-json\/wp\/v2\/comments?post=6957"}],"version-history":[{"count":9,"href":"https:\/\/przychodniemedyk.pl\/en\/wp-json\/wp\/v2\/pages\/6957\/revisions"}],"predecessor-version":[{"id":7038,"href":"https:\/\/przychodniemedyk.pl\/en\/wp-json\/wp\/v2\/pages\/6957\/revisions\/7038"}],"wp:attachment":[{"href":"https:\/\/przychodniemedyk.pl\/en\/wp-json\/wp\/v2\/media?parent=6957"}],"curies":[{"name":"wp","href":"https:\/\/api.w.org\/{rel}","templated":true}]}}